{"id":385,"date":"2024-08-23T14:56:57","date_gmt":"2024-08-23T12:56:57","guid":{"rendered":"https:\/\/jampen-advisory.flake.work\/?page_id=385"},"modified":"2024-09-15T18:06:51","modified_gmt":"2024-09-15T16:06:51","slug":"operations","status":"publish","type":"page","link":"https:\/\/jampen-advisory.ch\/de\/operations\/","title":{"rendered":"Operative Abl\u00e4ufe"},"content":{"rendered":"\n<p><strong>Prozessoptimierung &amp; Automatisierung:<\/strong><\/p>\n\n\n\n<p>In einem schnell wachsenden Unternehmen kann jede Ineffizienz das Wachstum erheblich bremsen. Prozessoptimierung ist meine Leidenschaft \u2013 ich identifiziere Schwachstellen z\u00fcgig und implementiere innovative, skalierbare L\u00f6sungen. So habe ich beispielsweise Partnersysteme \u00fcber EDI (Electronic Data Interchange) integriert, um Lagerbest\u00e4nde, Bestellungen, Sendungsverfolgungsinformationen und Rechnungen automatisch auszutauschen.<\/p>\n\n\n\n<p>Im Kundenservice habe ich KI-Tools wie Digital Genius und Chatbots eingesetzt, um das Kundenerlebnis zu optimieren und die Effizienz in der Fallbearbeitung deutlich zu steigern. Neben diesen umfassenden und langfristigen Optimierungsprojekten habe ich auch schnelle Automatisierungsl\u00f6sungen wie RPA (Robotic Process Automation) f\u00fcr repetitive Aufgaben umgesetzt. Dies verschafft den Teams mehr Zeit, sich um die Kunden zu k\u00fcmmern oder die Prozesse langfristig zu optimieren. <\/p>\n\n\n\n<p><strong>Kommerzielle Strategie<\/strong><\/p>\n\n\n\n<p>Ich habe umfangreiche Erfahrung mit D2C, B2B und Key Account Management gesammelt. Durch die Nutzung von Marktsegmentierung und die Entwicklung gezielter Kollektionen konnten wir die Kundenbeziehungen st\u00e4rken und letztlich den Umsatz f\u00fcr alle Stakeholder steigern. Dar\u00fcber hinaus optimiere ich den Kundenservice und die Customer Experience, indem ich sicherstelle, dass jedes Segment massgeschneiderte L\u00f6sungen erh\u00e4lt und Top-Kunden \u2013 darunter auch Influencer und Athleten \u2013 einen Premium-Service geniessen, weil diese als Meinungsf\u00fchrer von enormer Wichtigkeit f\u00fcr die Marke sind. Insgesamt sind meine Strategien darauf ausgerichtet, Prozesse f\u00fcr nachhaltiges Wachstum und langfristige Kundenbindung zu optimieren.<\/p>\n\n\n\n<p><strong>Globale Logistik:<\/strong><\/p>\n\n\n\n<p>Schnelles Wachstum erfordert oft auch die schnelle Skalierung der Lieferkette. Von drei Lagerh\u00e4usern zu einer globalen Lieferkette mit Produktionsst\u00e4tten und Lagerh\u00e4usern auf vier Kontinenten \u2013 ich habe umfassende Erfahrung in der Internationalisierung und Optimierung der Logistikprozesse. Dabei arbeite ich eng mit Supply- und Demand-Planungsteams zusammen, um sicherzustellen, dass die Lieferkette nicht nur effizient, sondern auch robust genug ist, um zuk\u00fcnftiges Wachstum zu unterst\u00fctzen.<\/p>\n\n\n\n<p><strong>Systematische Steuerung von Ver\u00e4nderungsprozessen<\/strong><\/p>\n\n\n\n<p>Erfolgreiche Ver\u00e4nderungsprozesse beginnen mit einer klaren Kommunikation. Gerade in dynamischen, schnell wachsenden Unternehmen ist es wichtig, dass alle Beteiligten den Zweck neuer Prozesse verstehen und sehen, welchen Mehrwert sie f\u00fcr das Unternehmen bringen. Meine Erfahrung zeigt, dass ein solcher Change-Management-Ansatz dazu beitr\u00e4gt, reibungslose \u00dcberg\u00e4nge zu neuen Strukturen und Systemen sicherzustellen.<\/p>\n\n\n\n<p><\/p>\n\n\n\n<p><\/p>\n\n\n\n<p>&lt;&lt; <a href=\"https:\/\/jampen-advisory.ch\/de\/#competence-section\">zur\u00fcck<\/a><\/p>\n\n\n\n<p><\/p>\n","protected":false},"excerpt":{"rendered":"<p>Prozessoptimierung &amp; Automatisierung: In einem schnell wachsenden Unternehmen kann jede Ineffizienz das Wachstum erheblich bremsen. Prozessoptimierung ist meine Leidenschaft \u2013 ich identifiziere Schwachstellen z\u00fcgig und implementiere innovative, skalierbare L\u00f6sungen. So habe ich beispielsweise Partnersysteme \u00fcber EDI (Electronic Data Interchange) integriert, um Lagerbest\u00e4nde, Bestellungen, Sendungsverfolgungsinformationen und Rechnungen automatisch auszutauschen. Im Kundenservice habe ich KI-Tools wie Digital [&hellip;]<\/p>\n","protected":false},"author":4,"featured_media":0,"parent":0,"menu_order":0,"comment_status":"closed","ping_status":"closed","template":"","meta":{"_acf_changed":false,"inline_featured_image":false,"footnotes":""},"class_list":["post-385","page","type-page","status-publish","hentry"],"acf":[],"_links":{"self":[{"href":"https:\/\/jampen-advisory.ch\/de\/wp-json\/wp\/v2\/pages\/385","targetHints":{"allow":["GET"]}}],"collection":[{"href":"https:\/\/jampen-advisory.ch\/de\/wp-json\/wp\/v2\/pages"}],"about":[{"href":"https:\/\/jampen-advisory.ch\/de\/wp-json\/wp\/v2\/types\/page"}],"author":[{"embeddable":true,"href":"https:\/\/jampen-advisory.ch\/de\/wp-json\/wp\/v2\/users\/4"}],"replies":[{"embeddable":true,"href":"https:\/\/jampen-advisory.ch\/de\/wp-json\/wp\/v2\/comments?post=385"}],"version-history":[{"count":11,"href":"https:\/\/jampen-advisory.ch\/de\/wp-json\/wp\/v2\/pages\/385\/revisions"}],"predecessor-version":[{"id":531,"href":"https:\/\/jampen-advisory.ch\/de\/wp-json\/wp\/v2\/pages\/385\/revisions\/531"}],"wp:attachment":[{"href":"https:\/\/jampen-advisory.ch\/de\/wp-json\/wp\/v2\/media?parent=385"}],"curies":[{"name":"wp","href":"https:\/\/api.w.org\/{rel}","templated":true}]}}