{"id":373,"date":"2024-08-23T11:28:28","date_gmt":"2024-08-23T11:28:28","guid":{"rendered":"https:\/\/jampen-advisory.flake.work\/?page_id=373"},"modified":"2024-09-15T17:57:41","modified_gmt":"2024-09-15T15:57:41","slug":"finanzen","status":"publish","type":"page","link":"https:\/\/jampen-advisory.ch\/de\/finanzen\/","title":{"rendered":"Finanzen"},"content":{"rendered":"\n<p><strong>Strategische Planung und Gesch\u00e4ftsmodellierung<\/strong><\/p>\n\n\n\n<p>Strategische Weitsicht ist ein entscheidender Erfolgsfaktor f\u00fcr jedes Unternehmen. Nur wenn wir heute eine klare Vorstellung davon haben, wie sich unser Gesch\u00e4ft in den kommenden Jahren entwickeln soll, k\u00f6nnen wir die richtigen Weichen f\u00fcr die Zukunft stellen. Aus diesem Grund habe ich einen umfassenden 5-Jahres-Businessplan erstellt, der auf detaillierten Verkaufsprognosen je Vertriebskanal aufbaut. Der Plan umfasst eine Erfolgsrechnung, eine Bilanz sowie Cashflow-Analyse und erm\u00f6glicht es uns, unterschiedliche Szenarien zu evaluieren und fundierte, datenbasierte Entscheidungen zu treffen. Welche M\u00e4rkte sollten wir als N\u00e4chstes erschlie\u00dfen? Welche Schl\u00fcsselpositionen erfordern eine priorisierte Besetzung? Wann besteht Bedarf an zus\u00e4tzlichem Kapital? Welche Ausgaben tragen nicht direkt zur Zielerreichung bei?<\/p>\n\n\n\n<p><strong>Finanzielle Steuerung<\/strong><\/p>\n\n\n\n<p>Visibilit\u00e4t ist Key. Deshalb habe ich zur finanziellen Steuerung massgeschneiderte, tagesaktuelle Reports und Dashboards f\u00fcr alle relevanten Stakeholder entwickelt, um die relevanten Daten auf einen Blick verf\u00fcgbar zu machen. Durch die Integration von Daten aus verschiedenen Quellen, auch ausserhalb klassischer ERP-Systeme, wird eine ganzheitliche Unternehmenssteuerung erm\u00f6glicht, und hilft allen Stakeholdern, datenbasierte Entscheidungen zu f\u00e4llen. \u00a0<\/p>\n\n\n\n<p><strong>Internationalisierung<\/strong><\/p>\n\n\n\n<p>In meiner fr\u00fcheren Position habe ich den Aufbau lokaler Teams und Infrastruktur in L\u00e4ndern wie den USA, UK, Japan oder Australien geleitet. Von Verrechnungspreisen bis hin zu internationalen Lohnstrukturen \u2013 ich verstehe die Komplexit\u00e4t, die mit einer globalen Expansion verbunden ist, und kann diese Prozesse so gestalten, dass sie effizient und skalierbar sind.<\/p>\n\n\n\n<p><strong>Digitalisierung<\/strong><\/p>\n\n\n\n<p>Ich habe bei zwei ERP-Migrationen massgeblich mitgewirkt und sicher gestellt, dass die neuen Systeme nicht nur auf die aktuellen Bed\u00fcrfnisse zugeschnitten sind, sondern auch f\u00fcr zuk\u00fcnftiges Wachstum skalierbar bleiben. Bei der Auswahl von Tools verfolge ich immer einen &#8218;Best-of-Breed&#8216;-Ansatz, um die besten L\u00f6sungen f\u00fcr spezifische Herausforderungen zu finden, anstatt einfach dem Markttrend zu folgen.<\/p>\n\n\n\n<p>&lt;&lt; <a href=\"https:\/\/jampen-advisory.ch\/de\/#competence-section\">zur\u00fcck<\/a><\/p>\n\n\n\n<p><\/p>\n","protected":false},"excerpt":{"rendered":"<p>Strategische Planung und Gesch\u00e4ftsmodellierung Strategische Weitsicht ist ein entscheidender Erfolgsfaktor f\u00fcr jedes Unternehmen. Nur wenn wir heute eine klare Vorstellung davon haben, wie sich unser Gesch\u00e4ft in den kommenden Jahren entwickeln soll, k\u00f6nnen wir die richtigen Weichen f\u00fcr die Zukunft stellen. Aus diesem Grund habe ich einen umfassenden 5-Jahres-Businessplan erstellt, der auf detaillierten Verkaufsprognosen je [&hellip;]<\/p>\n","protected":false},"author":4,"featured_media":0,"parent":0,"menu_order":0,"comment_status":"closed","ping_status":"closed","template":"","meta":{"_acf_changed":false,"inline_featured_image":false,"footnotes":""},"class_list":["post-373","page","type-page","status-publish","hentry"],"acf":[],"_links":{"self":[{"href":"https:\/\/jampen-advisory.ch\/de\/wp-json\/wp\/v2\/pages\/373","targetHints":{"allow":["GET"]}}],"collection":[{"href":"https:\/\/jampen-advisory.ch\/de\/wp-json\/wp\/v2\/pages"}],"about":[{"href":"https:\/\/jampen-advisory.ch\/de\/wp-json\/wp\/v2\/types\/page"}],"author":[{"embeddable":true,"href":"https:\/\/jampen-advisory.ch\/de\/wp-json\/wp\/v2\/users\/4"}],"replies":[{"embeddable":true,"href":"https:\/\/jampen-advisory.ch\/de\/wp-json\/wp\/v2\/comments?post=373"}],"version-history":[{"count":13,"href":"https:\/\/jampen-advisory.ch\/de\/wp-json\/wp\/v2\/pages\/373\/revisions"}],"predecessor-version":[{"id":527,"href":"https:\/\/jampen-advisory.ch\/de\/wp-json\/wp\/v2\/pages\/373\/revisions\/527"}],"wp:attachment":[{"href":"https:\/\/jampen-advisory.ch\/de\/wp-json\/wp\/v2\/media?parent=373"}],"curies":[{"name":"wp","href":"https:\/\/api.w.org\/{rel}","templated":true}]}}